{"id":132,"date":"2025-08-18T04:53:16","date_gmt":"2025-08-18T02:53:16","guid":{"rendered":"https:\/\/paradenautiquederennes.fr\/?page_id=132"},"modified":"2025-08-18T04:53:16","modified_gmt":"2025-08-18T02:53:16","slug":"parade-nautique-2024-infos","status":"publish","type":"page","link":"https:\/\/paradenautiquederennes.fr\/?page_id=132","title":{"rendered":"parade nautique 2024 &#8211; infos"},"content":{"rendered":"\n<main class=\"wp-block-group is-layout-flow wp-container-core-group-is-layout-bb62f62d wp-block-group-is-layout-flow\" style=\"margin-top:0\">\n<div class=\"wp-block-group alignfull has-global-padding is-layout-constrained wp-container-core-group-is-layout-490fa1db wp-block-group-is-layout-constrained\" style=\"padding-top:var(--wp--preset--spacing--50);padding-right:var(--wp--preset--spacing--50);padding-bottom:var(--wp--preset--spacing--50);padding-left:var(--wp--preset--spacing--50)\">\n<div class=\"wp-block-group has-global-padding is-layout-constrained wp-container-core-group-is-layout-075be19c wp-block-group-is-layout-constrained\">\n<figure class=\"wp-block-image size-large\"><img loading=\"lazy\" decoding=\"async\" width=\"1024\" height=\"83\" src=\"https:\/\/paradenautiquederennes.fr\/wp-content\/uploads\/2024\/02\/logo_parade-1-1024x83.png\" alt=\"\" class=\"wp-image-16\" srcset=\"https:\/\/paradenautiquederennes.fr\/wp-content\/uploads\/2024\/02\/logo_parade-1-1024x83.png 1024w, https:\/\/paradenautiquederennes.fr\/wp-content\/uploads\/2024\/02\/logo_parade-1-300x24.png 300w, https:\/\/paradenautiquederennes.fr\/wp-content\/uploads\/2024\/02\/logo_parade-1-768x62.png 768w, https:\/\/paradenautiquederennes.fr\/wp-content\/uploads\/2024\/02\/logo_parade-1-1536x124.png 1536w, https:\/\/paradenautiquederennes.fr\/wp-content\/uploads\/2024\/02\/logo_parade-1-2048x165.png 2048w\" sizes=\"auto, (max-width: 1024px) 100vw, 1024px\" \/><\/figure>\n\n\n\n<div style=\"height:1.25rem\" aria-hidden=\"true\" class=\"wp-block-spacer\"><\/div>\n\n\n\n<h4 class=\"wp-block-heading has-text-align-center has-large-font-size\" style=\"font-style:normal;font-weight:800;text-transform:none\">SAMEDI 21 SEPTEMBRE 2024<\/h4>\n\n\n\n<p><em>le nouveau rendez-vous des rameurs et rameuses sur les plages de Baud<\/em><\/p>\n\n\n\n<div style=\"height:1.25rem\" aria-hidden=\"true\" class=\"wp-block-spacer\"><\/div>\n\n\n\n<figure class=\"wp-block-image size-full is-resized\"><img loading=\"lazy\" decoding=\"async\" width=\"420\" height=\"595\" src=\"https:\/\/paradenautiquederennes.fr\/wp-content\/uploads\/2024\/05\/affiche.jpg\" alt=\"parade nautique de Rennes\" class=\"wp-image-54\" style=\"width:395px;height:auto\" srcset=\"https:\/\/paradenautiquederennes.fr\/wp-content\/uploads\/2024\/05\/affiche.jpg 420w, https:\/\/paradenautiquederennes.fr\/wp-content\/uploads\/2024\/05\/affiche-212x300.jpg 212w\" sizes=\"auto, (max-width: 420px) 100vw, 420px\" \/><\/figure>\n<\/div>\n<\/div>\n\n\n\n<div class=\"wp-block-group alignfull has-base-background-color has-background has-global-padding is-layout-constrained wp-container-core-group-is-layout-669513ed wp-block-group-is-layout-constrained\" style=\"margin-top:0;margin-bottom:0;padding-top:var(--wp--preset--spacing--50);padding-right:var(--wp--preset--spacing--50);padding-bottom:var(--wp--preset--spacing--50);padding-left:var(--wp--preset--spacing--50)\">\n<div class=\"wp-block-group is-vertical is-content-justification-center is-layout-flex wp-container-core-group-is-layout-52b864f0 wp-block-group-is-layout-flex\">\n<p>\u00c0 l\u2019occasion des journ\u00e9es du Patrimoine et du Matrimoine, le samedi 21<br>septembre 2024, les R\u00e9gates Rennaises (SRR) et l\u2019association Partager<br>Baud Chardonnet invitent les plus beaux et anciens bateaux du grand<br>Ouest, pour un d\u00e9fil\u00e9 nautique diurne et nocturne. Une occasion<br>pour d\u00e9couvrir l\u2019histoire d\u2019un sport, un loisir aquatique, sensibiliser \u00e0<br>l\u2019environnement et lutter contre les discriminations de genre dans une<br>pratique sportive et de loisir.<\/p>\n\n\n\n<div style=\"height:0px\" aria-hidden=\"true\" class=\"wp-block-spacer wp-container-content-4f2ccadb\"><\/div>\n<\/div>\n\n\n\n<div style=\"margin-top:0;margin-bottom:0;height:var(--wp--preset--spacing--40)\" aria-hidden=\"true\" class=\"wp-block-spacer\"><\/div>\n\n\n\n<div class=\"wp-block-columns alignwide is-layout-flex wp-container-core-columns-is-layout-d0bbbce0 wp-block-columns-is-layout-flex\">\n<div class=\"wp-block-column is-layout-flow wp-container-core-column-is-layout-e3d1c41b wp-block-column-is-layout-flow\">\n<h3 class=\"wp-block-heading has-text-align-left is-style-asterisk has-body-font-family has-medium-font-size\" style=\"font-style:normal;font-weight:600\">Exposition de bateaux<\/h3>\n\n\n\n<p>Exposition de bateaux de patrimoine au parc de Baud avec des<br>passionn\u00e9\u00b7es de la SRR<\/p>\n<\/div>\n\n\n\n<div class=\"wp-block-column is-layout-flow wp-container-core-column-is-layout-e3d1c41b wp-block-column-is-layout-flow\">\n<h3 class=\"wp-block-heading has-text-align-left is-style-asterisk has-body-font-family has-medium-font-size\" style=\"font-style:normal;font-weight:600\">F\u00eate v\u00e9nitienne<\/h3>\n\n\n\n<p>D\u00e9fil\u00e9 des bateaux avec de la musique et des<br>illuminations<\/p>\n<\/div>\n\n\n\n<div class=\"wp-block-column is-layout-flow wp-container-core-column-is-layout-e3d1c41b wp-block-column-is-layout-flow\">\n<h3 class=\"wp-block-heading has-text-align-left is-style-asterisk has-body-font-family has-medium-font-size\" style=\"font-style:normal;font-weight:600\">Musique<\/h3>\n\n\n\n<p class=\"has-text-align-left\">Sc\u00e8ne musicale ouverte avec diff\u00e9rents groupes<\/p>\n<\/div>\n<\/div>\n\n\n\n<div style=\"height:var(--wp--preset--spacing--20)\" aria-hidden=\"true\" class=\"wp-block-spacer\"><\/div>\n\n\n\n<div class=\"wp-block-columns alignwide is-layout-flex wp-container-core-columns-is-layout-d0bbbce0 wp-block-columns-is-layout-flex\">\n<div class=\"wp-block-column is-layout-flow wp-container-core-column-is-layout-e3d1c41b wp-block-column-is-layout-flow\">\n<h3 class=\"wp-block-heading has-text-align-left is-style-asterisk has-body-font-family has-medium-font-size\" style=\"font-style:normal;font-weight:600\">Le plus beau canotier.\u00e8re<\/h3>\n\n\n\n<p>concours de beaut\u00e9 enfants, drag kings, drag<br>queens<\/p>\n<\/div>\n\n\n\n<div class=\"wp-block-column is-layout-flow wp-container-core-column-is-layout-e3d1c41b wp-block-column-is-layout-flow\">\n<h3 class=\"wp-block-heading has-text-align-left is-style-asterisk has-body-font-family has-medium-font-size\" style=\"font-style:normal;font-weight:600\">La Vilaine et son histoire<\/h3>\n\n\n\n<p class=\"has-text-align-left\">Venez d\u00e9couvrir l&rsquo;histoire de la Vilaine \u00e0 Rennes<\/p>\n<\/div>\n\n\n\n<div class=\"wp-block-column is-layout-flow wp-container-core-column-is-layout-e3d1c41b wp-block-column-is-layout-flow\">\n<h3 class=\"wp-block-heading has-text-align-left is-style-asterisk has-body-font-family has-medium-font-size\" style=\"font-style:normal;font-weight:600\">Animations et Restauration<\/h3>\n\n\n\n<p class=\"has-text-align-left\">Animations diverses propos\u00e9es par nos partenaires, la mairie de Rennes,&#8230;<\/p>\n<\/div>\n<\/div>\n<\/div>\n\n\n\n<div class=\"wp-block-group alignfull has-global-padding is-layout-constrained wp-container-core-group-is-layout-d89aad35 wp-block-group-is-layout-constrained\" style=\"margin-top:0;margin-bottom:0;padding-top:var(--wp--preset--spacing--50);padding-right:var(--wp--preset--spacing--50);padding-bottom:var(--wp--preset--spacing--50);padding-left:var(--wp--preset--spacing--50)\">\n<div class=\"wp-block-group alignwide has-global-padding is-layout-constrained wp-container-core-group-is-layout-19e250f3 wp-block-group-is-layout-constrained\">\n<div class=\"wp-block-group is-vertical is-content-justification-center is-layout-flex wp-container-core-group-is-layout-6329a8f3 wp-block-group-is-layout-flex\">\n<h2 class=\"wp-block-heading has-text-align-center is-style-asterisk\">Une journ\u00e9e sous le signe de la mixit\u00e9 et du vivre ensemble !<\/h2>\n\n\n\n<p>Sport, Mixit\u00e9, Vivre-Ensemble, Co construction sont les th\u00e8mes qui motivent les cr\u00e9ateurs de cette journ\u00e9e. Venez partager ces valeurs avec nous en participant aux diff\u00e9rentes activit\u00e9s \ud83d\ude09<\/p>\n<\/div>\n\n\n\n<div style=\"height:var(--wp--preset--spacing--40)\" aria-hidden=\"true\" class=\"wp-block-spacer\"><\/div>\n\n\n\n<div class=\"wp-block-columns alignwide is-layout-flex wp-container-core-columns-is-layout-d1c656ed wp-block-columns-is-layout-flex\">\n<div class=\"wp-block-column is-vertically-aligned-center is-layout-flow wp-block-column-is-layout-flow\" style=\"flex-basis:40%\">\n<h3 class=\"wp-block-heading is-style-asterisk\">Sport et Mixit\u00e9<\/h3>\n\n\n\n<p>La passerelle pi\u00e9tonne reliant le parc de Baud au centre-ville de Rennes,<br>rend hommage \u00e0 Alice MILLIAT, organisatrice des premiers JO f\u00e9minins !<\/p>\n\n\n\n<p><strong><a href=\"https:\/\/paradenautiquederennes.fr\/?page_id=60\"><mark style=\"background-color:rgba(0, 0, 0, 0)\" class=\"has-inline-color has-accent-3-color\">rendez-vous le 1er juin pour une projection suivie d&rsquo;une rencontre !<\/mark><\/a><\/strong><\/p>\n<\/div>\n\n\n\n<div class=\"wp-block-column is-layout-flow wp-block-column-is-layout-flow\" style=\"flex-basis:50%\">\n<figure class=\"wp-block-image size-full is-style-rounded is-style-rounded--1\"><img loading=\"lazy\" decoding=\"async\" width=\"440\" height=\"293\" src=\"https:\/\/paradenautiquederennes.fr\/wp-content\/uploads\/2024\/02\/440px-Alice_milliat.jpg\" alt=\"\" class=\"wp-image-10\" srcset=\"https:\/\/paradenautiquederennes.fr\/wp-content\/uploads\/2024\/02\/440px-Alice_milliat.jpg 440w, https:\/\/paradenautiquederennes.fr\/wp-content\/uploads\/2024\/02\/440px-Alice_milliat-300x200.jpg 300w\" sizes=\"auto, (max-width: 440px) 100vw, 440px\" \/><\/figure>\n<\/div>\n<\/div>\n\n\n\n<div style=\"height:var(--wp--preset--spacing--40)\" aria-hidden=\"true\" class=\"wp-block-spacer\"><\/div>\n\n\n\n<div class=\"wp-block-columns alignwide is-layout-flex wp-container-core-columns-is-layout-d1c656ed wp-block-columns-is-layout-flex\">\n<div class=\"wp-block-column is-layout-flow wp-block-column-is-layout-flow\" style=\"flex-basis:50%\">\n<figure class=\"wp-block-image size-large is-style-rounded is-style-rounded--2\"><img loading=\"lazy\" decoding=\"async\" width=\"1024\" height=\"602\" src=\"https:\/\/paradenautiquederennes.fr\/wp-content\/uploads\/2024\/02\/habitants_baud_chardonnet-1024x602.png\" alt=\"\" class=\"wp-image-12\" srcset=\"https:\/\/paradenautiquederennes.fr\/wp-content\/uploads\/2024\/02\/habitants_baud_chardonnet-1024x602.png 1024w, https:\/\/paradenautiquederennes.fr\/wp-content\/uploads\/2024\/02\/habitants_baud_chardonnet-300x176.png 300w, https:\/\/paradenautiquederennes.fr\/wp-content\/uploads\/2024\/02\/habitants_baud_chardonnet-768x452.png 768w, https:\/\/paradenautiquederennes.fr\/wp-content\/uploads\/2024\/02\/habitants_baud_chardonnet.png 1437w\" sizes=\"auto, (max-width: 1024px) 100vw, 1024px\" \/><\/figure>\n<\/div>\n\n\n\n<div class=\"wp-block-column is-vertically-aligned-center is-layout-flow wp-block-column-is-layout-flow\" style=\"flex-basis:40%\">\n<h3 class=\"wp-block-heading is-style-asterisk\">Construire avec les habitants<\/h3>\n\n\n\n<p>Journ\u00e9e organis\u00e9e par les acteurs du quartiers<\/p>\n\n\n\n<ul style=\"line-height:1.75\" class=\"wp-block-list is-style-checkmark-list\">\n<li>Association d&rsquo;habitants<\/li>\n\n\n\n<li>Associations sportives li\u00e9es \u00e0 La Vilaine<\/li>\n\n\n\n<li>Commer\u00e7ants du \u00ab\u00a0Petit Baud\u00a0\u00bb<\/li>\n<\/ul>\n<\/div>\n<\/div>\n<\/div>\n<\/div>\n<\/main>\n","protected":false},"excerpt":{"rendered":"<p>SAMEDI 21 SEPTEMBRE 2024 le nouveau rendez-vous des rameurs et rameuses sur les plages de Baud \u00c0 l\u2019occasion des journ\u00e9es du Patrimoine et du Matrimoine, le samedi 21septembre 2024, les R\u00e9gates Rennaises (SRR) et l\u2019association PartagerBaud Chardonnet invitent les plus beaux et anciens bateaux du grandOuest, pour un d\u00e9fil\u00e9 nautique diurne et nocturne. Une occasionpour [&hellip;]<\/p>\n","protected":false},"author":1,"featured_media":0,"parent":0,"menu_order":0,"comment_status":"closed","ping_status":"closed","template":"","meta":{"footnotes":""},"class_list":["post-132","page","type-page","status-publish","hentry"],"_links":{"self":[{"href":"https:\/\/paradenautiquederennes.fr\/index.php?rest_route=\/wp\/v2\/pages\/132","targetHints":{"allow":["GET"]}}],"collection":[{"href":"https:\/\/paradenautiquederennes.fr\/index.php?rest_route=\/wp\/v2\/pages"}],"about":[{"href":"https:\/\/paradenautiquederennes.fr\/index.php?rest_route=\/wp\/v2\/types\/page"}],"author":[{"embeddable":true,"href":"https:\/\/paradenautiquederennes.fr\/index.php?rest_route=\/wp\/v2\/users\/1"}],"replies":[{"embeddable":true,"href":"https:\/\/paradenautiquederennes.fr\/index.php?rest_route=%2Fwp%2Fv2%2Fcomments&post=132"}],"version-history":[{"count":2,"href":"https:\/\/paradenautiquederennes.fr\/index.php?rest_route=\/wp\/v2\/pages\/132\/revisions"}],"predecessor-version":[{"id":134,"href":"https:\/\/paradenautiquederennes.fr\/index.php?rest_route=\/wp\/v2\/pages\/132\/revisions\/134"}],"wp:attachment":[{"href":"https:\/\/paradenautiquederennes.fr\/index.php?rest_route=%2Fwp%2Fv2%2Fmedia&parent=132"}],"curies":[{"name":"wp","href":"https:\/\/api.w.org\/{rel}","templated":true}]}}