{"id":26,"date":"2024-02-01T19:55:39","date_gmt":"2024-02-01T18:55:39","guid":{"rendered":"http:\/\/paradenautiquederennes.fr\/?page_id=26"},"modified":"2024-09-07T17:07:32","modified_gmt":"2024-09-07T15:07:32","slug":"programme-previsionnel","status":"publish","type":"page","link":"https:\/\/paradenautiquederennes.fr\/?page_id=26","title":{"rendered":"Au programme !"},"content":{"rendered":"\n<h2 class=\"wp-block-heading\">Samedi 21 septembre<\/h2>\n\n\n\n<p>Concerts, spectacle, exposition, d\u00e9fil\u00e9 costum\u00e9 des enfants, animations<br>sur la Vilaine et son histoire\u2026<\/p>\n\n\n\n<figure class=\"wp-block-table is-style-stripes\"><table><thead><tr><th>&#8211;<\/th><th>Sur l&rsquo;eau<\/th><\/tr><\/thead><tbody><tr><td>12h<\/td><td><strong><em>Ensemble<\/em><\/strong> <strong><em>Andorinhas<\/em><\/strong>, DJ set <strong><em>La Vilaine Radio<\/em><\/strong><\/td><\/tr><tr><td>14h<\/td><td>Parade des bateaux patrimoine<\/td><\/tr><tr><td>15h<\/td><td>Cafouillage (d\u00e9fil\u00e9 des associations nautiques), atelier d\u00e9couverte avec la Ligue pour la protection des oiseaux (LPO)<\/td><\/tr><tr><td>16h<\/td><td>Initiations aviron et kayak. D\u00e9fil\u00e9 costum\u00e9 des enfants au son de la chorale <em><strong>Michelle Michel<\/strong><\/em>.<br>(<a href=\"https:\/\/paradenautiquederennes.fr\/?page_id=93\" data-type=\"page\" data-id=\"93\">atelier costume et maquillage<\/a>)<\/td><\/tr><tr><td>18h<\/td><td>Concerts : <strong><em>Mas Ay\u00e0<\/em><\/strong> et <strong><em>Fury Calling<\/em><\/strong><\/td><\/tr><tr><td>21h<\/td><td>F\u00eate v\u00e9nitienne (parade des bateaux illumin\u00e9s et en musique) accompagn\u00e9e en musique par les collectifs <strong><em>Volkanik<\/em><\/strong> et <strong><em>La T\u00eate \u00e0 l\u2019Est<\/em><\/strong>. Suivi<br>d\u2019un spectacle sur l\u2019eau par <strong><em>la compagnie Joyo<\/em><\/strong>.<\/td><\/tr><\/tbody><\/table><\/figure>\n\n\n\n<h2 class=\"wp-block-heading\">Rendez-vous le :<\/h2>\n\n\n\n<p>Samedi 21 septembre 2024, 12h-23h<br>Plages de Baud &#8211; Rennes<br>Gratuit et ouvert \u00e0 tou\u00b7tes<br>Buvette et restauration<br>Acc\u00e8s : v\u00e9lostar, bus : Fran\u00e7ois Ch\u00e2teau et Sempr\u00fan.<\/p>\n\n\n\n<p><\/p>\n","protected":false},"excerpt":{"rendered":"<p>Samedi 21 septembre Concerts, spectacle, exposition, d\u00e9fil\u00e9 costum\u00e9 des enfants, animationssur la Vilaine et son histoire\u2026 &#8211; Sur l&rsquo;eau 12h Ensemble Andorinhas, DJ set La Vilaine Radio 14h Parade des bateaux patrimoine 15h Cafouillage (d\u00e9fil\u00e9 des associations nautiques), atelier d\u00e9couverte avec la Ligue pour la protection des oiseaux (LPO) 16h Initiations aviron et kayak. D\u00e9fil\u00e9 [&hellip;]<\/p>\n","protected":false},"author":1,"featured_media":0,"parent":0,"menu_order":0,"comment_status":"closed","ping_status":"closed","template":"","meta":{"footnotes":""},"class_list":["post-26","page","type-page","status-publish","hentry"],"_links":{"self":[{"href":"https:\/\/paradenautiquederennes.fr\/index.php?rest_route=\/wp\/v2\/pages\/26","targetHints":{"allow":["GET"]}}],"collection":[{"href":"https:\/\/paradenautiquederennes.fr\/index.php?rest_route=\/wp\/v2\/pages"}],"about":[{"href":"https:\/\/paradenautiquederennes.fr\/index.php?rest_route=\/wp\/v2\/types\/page"}],"author":[{"embeddable":true,"href":"https:\/\/paradenautiquederennes.fr\/index.php?rest_route=\/wp\/v2\/users\/1"}],"replies":[{"embeddable":true,"href":"https:\/\/paradenautiquederennes.fr\/index.php?rest_route=%2Fwp%2Fv2%2Fcomments&post=26"}],"version-history":[{"count":7,"href":"https:\/\/paradenautiquederennes.fr\/index.php?rest_route=\/wp\/v2\/pages\/26\/revisions"}],"predecessor-version":[{"id":105,"href":"https:\/\/paradenautiquederennes.fr\/index.php?rest_route=\/wp\/v2\/pages\/26\/revisions\/105"}],"wp:attachment":[{"href":"https:\/\/paradenautiquederennes.fr\/index.php?rest_route=%2Fwp%2Fv2%2Fmedia&parent=26"}],"curies":[{"name":"wp","href":"https:\/\/api.w.org\/{rel}","templated":true}]}}