{"id":41,"date":"2024-02-01T20:37:05","date_gmt":"2024-02-01T19:37:05","guid":{"rendered":"http:\/\/paradenautiquederennes.fr\/?page_id=41"},"modified":"2025-07-14T18:20:44","modified_gmt":"2025-07-14T16:20:44","slug":"qui-sommes-nous","status":"publish","type":"page","link":"https:\/\/paradenautiquederennes.fr\/?page_id=41","title":{"rendered":"Qui sommes nous ?"},"content":{"rendered":"\n<p>La Parade Nautique est plus qu\u2019un \u00e9v\u00e9nement festif, c\u2019est tout un quartier qui se mobilise pour un projet commun dans un d\u00e9sir de coconstruction entre habitant\u00b7es, dont la diversit\u00e9 de profils et d\u2019origines fait la richesse de Baud-Chardonnet.<br>C\u2019est un \u00e9v\u00e9nement qui rassemble, cr\u00e9\u00e9 du lien, se construit dans le temps au travers d\u2019actions au fil de l\u2019ann\u00e9e. C\u2019est une f\u00eate pour tou\u00b7tes dans et pour le quartier !<\/p>\n\n\n\n<p>Plusieurs associations du quartiers se sont donc mobilis\u00e9es pour cr\u00e9\u00e9e cette journ\u00e9e <\/p>\n\n\n\n<p><br><br><\/p>\n\n\n\n<figure class=\"wp-block-image size-large is-resized\"><img loading=\"lazy\" decoding=\"async\" width=\"1442\" height=\"1082\" src=\"https:\/\/paradenautiquederennes.fr\/wp-content\/uploads\/2025\/07\/Logo_developpee_vert_sapin-edited-1.png\" alt=\"\" class=\"wp-image-123\" style=\"width:520px;height:auto\" srcset=\"https:\/\/paradenautiquederennes.fr\/wp-content\/uploads\/2025\/07\/Logo_developpee_vert_sapin-edited-1.png 1442w, https:\/\/paradenautiquederennes.fr\/wp-content\/uploads\/2025\/07\/Logo_developpee_vert_sapin-edited-1-300x225.png 300w, https:\/\/paradenautiquederennes.fr\/wp-content\/uploads\/2025\/07\/Logo_developpee_vert_sapin-edited-1-1024x768.png 1024w, https:\/\/paradenautiquederennes.fr\/wp-content\/uploads\/2025\/07\/Logo_developpee_vert_sapin-edited-1-768x576.png 768w\" sizes=\"auto, (max-width: 1442px) 100vw, 1442px\" \/><\/figure>\n\n\n\n<p>Depuis la naissance du quartier, l\u2019association Partager Baud Chardonnet propose un espace de solidarit\u00e9 et de convivialit\u00e9 entre voisins, en organisant des concerts, expositions, ap\u00e9ros-go\u00fbters, d\u00e9gustations de mat\u00e9, videgreniers\u2026 en \u00e9troite collaboration avec les associations voisines, telles que le Village d\u2019Alphonse, l\u2019\u00c9labo, la Garden Partie, les Amiti\u00e9s sociales.<br>L\u2019association est ouverte \u00e0 tous et \u00e0 toutes.<br>facebook : @partagerbaudchardonnet<br>instagram : @partagerbaudchardonnet<br>web : <a href=\"http:\/\/www.partager-baud-chardonnet.fr\">www.partager-baud-chardonnet.fr<\/a><\/p>\n\n\n\n<p><br\/><br\/><\/p>\n\n\n\n<p><\/p>\n\n\n\n<figure class=\"wp-block-image size-full\"><img loading=\"lazy\" decoding=\"async\" width=\"845\" height=\"327\" src=\"https:\/\/paradenautiquederennes.fr\/wp-content\/uploads\/2024\/02\/rr_logo.png\" alt=\"\" class=\"wp-image-44\" srcset=\"https:\/\/paradenautiquederennes.fr\/wp-content\/uploads\/2024\/02\/rr_logo.png 845w, https:\/\/paradenautiquederennes.fr\/wp-content\/uploads\/2024\/02\/rr_logo-300x116.png 300w, https:\/\/paradenautiquederennes.fr\/wp-content\/uploads\/2024\/02\/rr_logo-768x297.png 768w\" sizes=\"auto, (max-width: 845px) 100vw, 845px\" \/><\/figure>\n\n\n\n<p>Association fond\u00e9e en 1867 pour \u00ab encourager et d\u00e9velopper le go\u00fbt des exercices et des courses nautiques \u00bb, organiser des \u00ab r\u00e9gates publiques \u00bb et entretenir des rapports avec d\u2019autres soci\u00e9t\u00e9s ainsi qu\u2019avec les autorit\u00e9s locales. <strong>C\u2019est aujourd\u2019hui la plus ancienne association sportive de Rennes<\/strong>. Elle s\u2019inscrit au d\u00e9part dans la tradition fran\u00e7aise du canotage, r\u00e9v\u00e9lateur de l\u2019envie croissante de \u00ab mener sa barque \u00bb sur les cours d\u2019eaux. Originellement bas\u00e9 sur le Quai Saint-Cyr, le club est depuis 1982 install\u00e9 \u00e0 la Plaine de Baud il c\u00f4toie la SNSM, REC aviron, Rennes \u00e9vasion nature, KCR et P\u00f4le espoir kayak. Il est ouvert aux d\u00e9butants et confirm\u00e9s sachant nager, comp\u00e9titeurs, comp\u00e9titrices ou loisir. La SRR d\u00e9veloppe de programmes pour les \u00e9coles, le sport sant\u00e9 et a une section Para-Aviron et Aviron Adapt\u00e9.<\/p>\n\n\n\n<p>facebook : @regatesrennaises<br>instagram : @societeregatesrennaises<br>web : <a href=\"http:\/\/www.regatesrennaises.org\" data-type=\"link\" data-id=\"www.regatesrennaises.org\">www.regatesrennaises.org<\/a><\/p>\n","protected":false},"excerpt":{"rendered":"<p>La Parade Nautique est plus qu\u2019un \u00e9v\u00e9nement festif, c\u2019est tout un quartier qui se mobilise pour un projet commun dans un d\u00e9sir de coconstruction entre habitant\u00b7es, dont la diversit\u00e9 de profils et d\u2019origines fait la richesse de Baud-Chardonnet.C\u2019est un \u00e9v\u00e9nement qui rassemble, cr\u00e9\u00e9 du lien, se construit dans le temps au travers d\u2019actions au fil [&hellip;]<\/p>\n","protected":false},"author":1,"featured_media":0,"parent":0,"menu_order":0,"comment_status":"closed","ping_status":"closed","template":"","meta":{"footnotes":""},"class_list":["post-41","page","type-page","status-publish","hentry"],"_links":{"self":[{"href":"https:\/\/paradenautiquederennes.fr\/index.php?rest_route=\/wp\/v2\/pages\/41","targetHints":{"allow":["GET"]}}],"collection":[{"href":"https:\/\/paradenautiquederennes.fr\/index.php?rest_route=\/wp\/v2\/pages"}],"about":[{"href":"https:\/\/paradenautiquederennes.fr\/index.php?rest_route=\/wp\/v2\/types\/page"}],"author":[{"embeddable":true,"href":"https:\/\/paradenautiquederennes.fr\/index.php?rest_route=\/wp\/v2\/users\/1"}],"replies":[{"embeddable":true,"href":"https:\/\/paradenautiquederennes.fr\/index.php?rest_route=%2Fwp%2Fv2%2Fcomments&post=41"}],"version-history":[{"count":5,"href":"https:\/\/paradenautiquederennes.fr\/index.php?rest_route=\/wp\/v2\/pages\/41\/revisions"}],"predecessor-version":[{"id":124,"href":"https:\/\/paradenautiquederennes.fr\/index.php?rest_route=\/wp\/v2\/pages\/41\/revisions\/124"}],"wp:attachment":[{"href":"https:\/\/paradenautiquederennes.fr\/index.php?rest_route=%2Fwp%2Fv2%2Fmedia&parent=41"}],"curies":[{"name":"wp","href":"https:\/\/api.w.org\/{rel}","templated":true}]}}