{"id":60,"date":"2024-05-12T11:13:07","date_gmt":"2024-05-12T09:13:07","guid":{"rendered":"https:\/\/paradenautiquederennes.fr\/?page_id=60"},"modified":"2024-09-04T11:07:52","modified_gmt":"2024-09-04T09:07:52","slug":"et-avant","status":"publish","type":"page","link":"https:\/\/paradenautiquederennes.fr\/?page_id=60","title":{"rendered":"Et avant ?"},"content":{"rendered":"\n<h2 class=\"wp-block-heading\">samedi 14 et 21 septembre 10h<\/h2>\n\n\n\n<p>R\u00e9fl\u00e9chissons aux codes de la beaut\u00e9 et au sens du costume avec Aurore Krol et Moon Rise (drag queer), pour pr\u00e9parer le d\u00e9fil\u00e9 costum\u00e9 de nos enfants. <a href=\"https:\/\/paradenautiquederennes.fr\/?page_id=93\" data-type=\"page\" data-id=\"93\">Plus d&rsquo;infos ici<\/a><\/p>\n\n\n\n<h2 class=\"wp-block-heading\">samedi 1er juin \u00e0 20h30<\/h2>\n\n\n\n<p>Avant La Parade de septembre, venez d\u00e9couvrir Alice Milliat \u00e0 travers une projection et un \u00e9change \u00e0 <a href=\"https:\/\/maps.app.goo.gl\/gWeBEF4wbXkxAUAx6\" target=\"_blank\" rel=\"noreferrer noopener nofollow\">l&rsquo;Iffdec<\/a><\/p>\n\n\n\n<figure class=\"wp-block-image size-full\"><img loading=\"lazy\" decoding=\"async\" width=\"420\" height=\"595\" src=\"https:\/\/paradenautiquederennes.fr\/wp-content\/uploads\/2024\/05\/film.jpg\" alt=\"film &quot;Les incorrectes&quot;\" class=\"wp-image-55\" srcset=\"https:\/\/paradenautiquederennes.fr\/wp-content\/uploads\/2024\/05\/film.jpg 420w, https:\/\/paradenautiquederennes.fr\/wp-content\/uploads\/2024\/05\/film-212x300.jpg 212w\" sizes=\"auto, (max-width: 420px) 100vw, 420px\" \/><\/figure>\n\n\n\n<p><\/p>\n","protected":false},"excerpt":{"rendered":"<p>samedi 14 et 21 septembre 10h R\u00e9fl\u00e9chissons aux codes de la beaut\u00e9 et au sens du costume avec Aurore Krol et Moon Rise (drag queer), pour pr\u00e9parer le d\u00e9fil\u00e9 costum\u00e9 de nos enfants. Plus d&rsquo;infos ici samedi 1er juin \u00e0 20h30 Avant La Parade de septembre, venez d\u00e9couvrir Alice Milliat \u00e0 travers une projection et [&hellip;]<\/p>\n","protected":false},"author":1,"featured_media":0,"parent":0,"menu_order":0,"comment_status":"closed","ping_status":"closed","template":"","meta":{"footnotes":""},"class_list":["post-60","page","type-page","status-publish","hentry"],"_links":{"self":[{"href":"https:\/\/paradenautiquederennes.fr\/index.php?rest_route=\/wp\/v2\/pages\/60","targetHints":{"allow":["GET"]}}],"collection":[{"href":"https:\/\/paradenautiquederennes.fr\/index.php?rest_route=\/wp\/v2\/pages"}],"about":[{"href":"https:\/\/paradenautiquederennes.fr\/index.php?rest_route=\/wp\/v2\/types\/page"}],"author":[{"embeddable":true,"href":"https:\/\/paradenautiquederennes.fr\/index.php?rest_route=\/wp\/v2\/users\/1"}],"replies":[{"embeddable":true,"href":"https:\/\/paradenautiquederennes.fr\/index.php?rest_route=%2Fwp%2Fv2%2Fcomments&post=60"}],"version-history":[{"count":5,"href":"https:\/\/paradenautiquederennes.fr\/index.php?rest_route=\/wp\/v2\/pages\/60\/revisions"}],"predecessor-version":[{"id":101,"href":"https:\/\/paradenautiquederennes.fr\/index.php?rest_route=\/wp\/v2\/pages\/60\/revisions\/101"}],"wp:attachment":[{"href":"https:\/\/paradenautiquederennes.fr\/index.php?rest_route=%2Fwp%2Fv2%2Fmedia&parent=60"}],"curies":[{"name":"wp","href":"https:\/\/api.w.org\/{rel}","templated":true}]}}