{"id":93,"date":"2024-09-04T11:07:00","date_gmt":"2024-09-04T09:07:00","guid":{"rendered":"https:\/\/paradenautiquederennes.fr\/?page_id=93"},"modified":"2024-09-04T11:07:00","modified_gmt":"2024-09-04T09:07:00","slug":"ateliers-costumes-et-defile","status":"publish","type":"page","link":"https:\/\/paradenautiquederennes.fr\/?page_id=93","title":{"rendered":"ATELIERS COSTUMES et DEFILE"},"content":{"rendered":"\n<p><\/p>\n\n\n\n<h2 class=\"wp-block-heading\">D\u00e9fil\u00e9 costum\u00e9 des enfants<\/h2>\n\n\n\n<p>Dans le cadre de cette parade, les enfants du quartier sont invit\u00e9s \u00e0 d\u00e9filer avec leur plus beau costume, au son de la chorale <strong><em>Michelle Michel<\/em><\/strong>, \u00e0 16h !<\/p>\n\n\n\n<p>Rendez-vous maquillage le samedi 21 \u00e0 14h, plages de Baud<\/p>\n\n\n\n<h2 class=\"wp-block-heading\">Atelier costumes<\/h2>\n\n\n\n<p>Pour pr\u00e9parer ce d\u00e9fil\u00e9, Aurore Krol (association Prev&rsquo;Actes) et Moon Rise (drag queer) invitent les parents et les enfants \u00e0 2 ateliers pour r\u00e9fl\u00e9chir aux codes de la beaut\u00e9 et au sens du costume.<\/p>\n\n\n\n<p><strong><em>Samedi 14 sept. 10h<\/em><\/strong> &#8211; ateliers r\u00e9serv\u00e9s aux parents<\/p>\n\n\n\n<p><strong><em>Samedi 21 sept. 10h<\/em><\/strong> &#8211; ateliers parents-enfants<\/p>\n\n\n\n<p>Gratuit, sur inscription par mail : <a href=\"mailto:partagerbaudchardonnet@gmail.com\">partagerbaudchardonnet@gmail.com<\/a><\/p>\n\n\n\n<p><\/p>\n","protected":false},"excerpt":{"rendered":"<p>D\u00e9fil\u00e9 costum\u00e9 des enfants Dans le cadre de cette parade, les enfants du quartier sont invit\u00e9s \u00e0 d\u00e9filer avec leur plus beau costume, au son de la chorale Michelle Michel, \u00e0 16h ! Rendez-vous maquillage le samedi 21 \u00e0 14h, plages de Baud Atelier costumes Pour pr\u00e9parer ce d\u00e9fil\u00e9, Aurore Krol (association Prev&rsquo;Actes) et Moon [&hellip;]<\/p>\n","protected":false},"author":1,"featured_media":0,"parent":0,"menu_order":0,"comment_status":"closed","ping_status":"closed","template":"","meta":{"footnotes":""},"class_list":["post-93","page","type-page","status-publish","hentry"],"_links":{"self":[{"href":"https:\/\/paradenautiquederennes.fr\/index.php?rest_route=\/wp\/v2\/pages\/93","targetHints":{"allow":["GET"]}}],"collection":[{"href":"https:\/\/paradenautiquederennes.fr\/index.php?rest_route=\/wp\/v2\/pages"}],"about":[{"href":"https:\/\/paradenautiquederennes.fr\/index.php?rest_route=\/wp\/v2\/types\/page"}],"author":[{"embeddable":true,"href":"https:\/\/paradenautiquederennes.fr\/index.php?rest_route=\/wp\/v2\/users\/1"}],"replies":[{"embeddable":true,"href":"https:\/\/paradenautiquederennes.fr\/index.php?rest_route=%2Fwp%2Fv2%2Fcomments&post=93"}],"version-history":[{"count":1,"href":"https:\/\/paradenautiquederennes.fr\/index.php?rest_route=\/wp\/v2\/pages\/93\/revisions"}],"predecessor-version":[{"id":94,"href":"https:\/\/paradenautiquederennes.fr\/index.php?rest_route=\/wp\/v2\/pages\/93\/revisions\/94"}],"wp:attachment":[{"href":"https:\/\/paradenautiquederennes.fr\/index.php?rest_route=%2Fwp%2Fv2%2Fmedia&parent=93"}],"curies":[{"name":"wp","href":"https:\/\/api.w.org\/{rel}","templated":true}]}}